{"id":97,"date":"2026-01-23T14:28:21","date_gmt":"2026-01-23T13:28:21","guid":{"rendered":"https:\/\/keypact.com\/?page_id=97"},"modified":"2026-02-09T10:29:58","modified_gmt":"2026-02-09T09:29:58","slug":"onze-oplossingen","status":"publish","type":"page","link":"https:\/\/keypact.com\/fr\/onze-oplossingen\/","title":{"rendered":"Nos solutions"},"content":{"rendered":"<div data-elementor-type=\"wp-page\" data-elementor-id=\"97\" class=\"elementor elementor-97\" data-elementor-post-type=\"page\">\n\t\t\t\t<div class=\"elementor-element elementor-element-235a7d2 e-flex e-con-boxed e-con e-parent\" data-id=\"235a7d2\" data-element_type=\"container\" data-e-type=\"container\" data-settings=\"{&quot;background_background&quot;:&quot;classic&quot;}\">\n\t\t\t\t\t<div class=\"e-con-inner\">\n\t\t\t\t<div class=\"elementor-element elementor-element-e61aa44 elementor-widget elementor-widget-heading\" data-id=\"e61aa44\" data-element_type=\"widget\" data-e-type=\"widget\" data-widget_type=\"heading.default\">\n\t\t\t\t\t<h1 class=\"elementor-heading-title elementor-size-default\">Nos solutions<\/h1>\t\t\t\t<\/div>\n\t\t\t\t\t<\/div>\n\t\t\t\t<\/div>\n\t\t<div class=\"elementor-element elementor-element-3e8b318 e-flex e-con-boxed e-con e-parent\" data-id=\"3e8b318\" data-element_type=\"container\" data-e-type=\"container\">\n\t\t\t\t\t<div class=\"e-con-inner\">\n\t\t\t\t<div class=\"elementor-element elementor-element-2ddd608 elementor-widget__width-initial elementor-widget elementor-widget-text-editor\" data-id=\"2ddd608\" data-element_type=\"widget\" data-e-type=\"widget\" data-widget_type=\"text-editor.default\">\n\t\t\t\t\t\t\t\t\t<p class=\"translation-block\">KeyPact est une plateforme tout-en-un pour des e-mails s\u00e9curis\u00e9s, la gestion de fichiers et la communication num\u00e9rique. Con\u00e7ue pour \u00eatre extr\u00eamement conviviale, avec un niveau de s\u00e9curit\u00e9 maximal \u2014 m\u00eame r\u00e9sistant aux futurs ordinateurs quantiques.<\/p><p>D\u00e9velopp\u00e9 par des sp\u00e9cialistes n\u00e9erlandais en s\u00e9curit\u00e9, bas\u00e9 sur des recherches scientifiques de pointe et con\u00e7u pour rester enti\u00e8rement entre mains europ\u00e9ennes.<\/p>\t\t\t\t\t\t\t\t<\/div>\n\t\t\t\t\t<\/div>\n\t\t\t\t<\/div>\n\t\t<div class=\"elementor-element elementor-element-2e2ea24 e-grid e-con-boxed e-con e-parent\" data-id=\"2e2ea24\" data-element_type=\"container\" data-e-type=\"container\">\n\t\t\t\t\t<div class=\"e-con-inner\">\n\t\t\t\t<div class=\"elementor-element elementor-element-08fb44d card elementor-position-left elementor-vertical-align-top elementor-widget elementor-widget-image-box\" data-id=\"08fb44d\" data-element_type=\"widget\" data-e-type=\"widget\" data-widget_type=\"image-box.default\">\n\t\t\t\t\t<div class=\"elementor-image-box-wrapper\"><figure class=\"elementor-image-box-img\"><img decoding=\"async\" width=\"150\" height=\"150\" src=\"https:\/\/keypact.com\/wp-content\/uploads\/2026\/01\/Post-Quantum-Encryption.png\" class=\"attachment-full size-full wp-image-551\" alt=\"keypact_encryption\" \/><\/figure><div class=\"elementor-image-box-content\"><h3 class=\"elementor-image-box-title\">Cryptographie post-quantique<\/h3><p class=\"elementor-image-box-description\">KeyPact veille \u00e0 ce que vos donn\u00e9es restent prot\u00e9g\u00e9es avant m\u00eame d\u2019entrer dans le cloud. Cela les rend s\u00e9curis\u00e9es contre les attaques actuelles et futures, y compris celles des ordinateurs quantiques. M\u00eame si quelqu\u2019un acc\u00e8de au cloud ou qu\u2019une pression juridique est exerc\u00e9e, vos donn\u00e9es restent prot\u00e9g\u00e9es, car les techniques que nous utilisons emp\u00eachent le cloud de lire vos donn\u00e9es.<\/p><\/div><\/div>\t\t\t\t<\/div>\n\t\t\t\t<div class=\"elementor-element elementor-element-af5f0aa card elementor-position-left elementor-vertical-align-top elementor-widget elementor-widget-image-box\" data-id=\"af5f0aa\" data-element_type=\"widget\" data-e-type=\"widget\" data-widget_type=\"image-box.default\">\n\t\t\t\t\t<div class=\"elementor-image-box-wrapper\"><figure class=\"elementor-image-box-img\"><img decoding=\"async\" width=\"150\" height=\"150\" src=\"https:\/\/keypact.com\/wp-content\/uploads\/2026\/02\/Forward-Secrecy.png\" class=\"attachment-full size-full wp-image-584\" alt=\"Perfect Forward Secrecy\" \/><\/figure><div class=\"elementor-image-box-content\"><h3 class=\"elementor-image-box-title\">Perfect Forward Secrecy<\/h3><p class=\"elementor-image-box-description\">KeyPact applique la confidentialit\u00e9 persistante (forward secrecy) avec des cl\u00e9s de session temporaires par connexion. Ainsi, les sessions historiques intercept\u00e9es ne peuvent pas \u00eatre d\u00e9chiffr\u00e9es si une cl\u00e9 \u00e0 long terme est compromise \u00e0 un moment donn\u00e9. Cela renforce structurellement la confidentialit\u00e9 des communications, y compris dans un mod\u00e8le de menace post-quantique, et soutient le respect des exigences de conformit\u00e9 au sein des gouvernements, des infrastructures vitales et des entreprises, y compris la gouvernance.<\/p><\/div><\/div>\t\t\t\t<\/div>\n\t\t\t\t<div class=\"elementor-element elementor-element-bf4b574 card elementor-position-left elementor-vertical-align-top elementor-widget elementor-widget-image-box\" data-id=\"bf4b574\" data-element_type=\"widget\" data-e-type=\"widget\" data-widget_type=\"image-box.default\">\n\t\t\t\t\t<div class=\"elementor-image-box-wrapper\"><figure class=\"elementor-image-box-img\"><img decoding=\"async\" width=\"150\" height=\"150\" src=\"https:\/\/keypact.com\/wp-content\/uploads\/2026\/01\/Enterprise.png\" class=\"attachment-full size-full wp-image-548\" alt=\"enterprise_onpremise\" \/><\/figure><div class=\"elementor-image-box-content\"><h3 class=\"elementor-image-box-title\">On-Premise<\/h3><p class=\"elementor-image-box-description\">KeyPact propose aux entreprises une solution enti\u00e8rement d\u00e9ployable sur site (on-premise) permettant de garder le contr\u00f4le total sur les donn\u00e9es, les cl\u00e9s et les politiques. Sans d\u00e9pendance au cloud ni acc\u00e8s externe, KeyPact rend la communication souveraine, prouvable en audit et s\u00e9curis\u00e9e post-quantique pratique et applicable \u2013 m\u00eame dans les secteurs fortement r\u00e9glement\u00e9s avec des exigences \u00e9lev\u00e9es en mati\u00e8re de conformit\u00e9 et de contr\u00f4le des donn\u00e9es, \u00e0 l\u2019\u00e9chelle mondiale et p\u00e9renne.<\/p><\/div><\/div>\t\t\t\t<\/div>\n\t\t\t\t<div class=\"elementor-element elementor-element-dd02176 card elementor-position-left elementor-vertical-align-top elementor-widget elementor-widget-image-box\" data-id=\"dd02176\" data-element_type=\"widget\" data-e-type=\"widget\" data-widget_type=\"image-box.default\">\n\t\t\t\t\t<div class=\"elementor-image-box-wrapper\"><figure class=\"elementor-image-box-img\"><img loading=\"lazy\" decoding=\"async\" width=\"150\" height=\"150\" src=\"https:\/\/keypact.com\/wp-content\/uploads\/2026\/02\/Layerd-encryption.png\" class=\"attachment-full size-full wp-image-583\" alt=\"Layerd encryption\" \/><\/figure><div class=\"elementor-image-box-content\"><h3 class=\"elementor-image-box-title\">Chiffrement multicouche<\/h3><p class=\"elementor-image-box-description\">KeyPact s\u00e9curise les donn\u00e9es \u00e0 travers plusieurs couches de chiffrement : \u00e9change de cl\u00e9s post-quantique, chiffrement sym\u00e9trique fort et confidentialit\u00e9 persistante (forward secrecy) par session. Cette approche multicouche garantit que la confidentialit\u00e9 et le contr\u00f4le restent structurellement pr\u00e9serv\u00e9s m\u00eame en cas de d\u00e9faillance d\u2019une seule couche.<\/p><\/div><\/div>\t\t\t\t<\/div>\n\t\t\t\t<div class=\"elementor-element elementor-element-2bce8de card elementor-position-left elementor-vertical-align-top elementor-widget elementor-widget-image-box\" data-id=\"2bce8de\" data-element_type=\"widget\" data-e-type=\"widget\" data-widget_type=\"image-box.default\">\n\t\t\t\t\t<div class=\"elementor-image-box-wrapper\"><figure class=\"elementor-image-box-img\"><img loading=\"lazy\" decoding=\"async\" width=\"150\" height=\"150\" src=\"https:\/\/keypact.com\/wp-content\/uploads\/2026\/01\/Mail-proxy.png\" class=\"attachment-full size-full wp-image-550\" alt=\"mail_proxy\" \/><\/figure><div class=\"elementor-image-box-content\"><h3 class=\"elementor-image-box-title\">Proxy mail<\/h3><p class=\"elementor-image-box-description\">Le KeyPact Mail Proxy chiffre les e-mails avant qu\u2019ils n\u2019atteignent le serveur de messagerie ou le cloud. Cela garantit une communication de bout en bout prot\u00e9g\u00e9e, m\u00eame en cas d\u2019acc\u00e8s au cloud, de contrainte juridique ou d\u2019attaques quantiques futures. Le cloud ne peut que transporter les messages, mais n\u2019a techniquement aucun acc\u00e8s au contenu.<\/p><\/div><\/div>\t\t\t\t<\/div>\n\t\t\t\t<div class=\"elementor-element elementor-element-64b56e3 card elementor-position-left elementor-vertical-align-top elementor-widget elementor-widget-image-box\" data-id=\"64b56e3\" data-element_type=\"widget\" data-e-type=\"widget\" data-widget_type=\"image-box.default\">\n\t\t\t\t\t<div class=\"elementor-image-box-wrapper\"><figure class=\"elementor-image-box-img\"><img loading=\"lazy\" decoding=\"async\" width=\"150\" height=\"150\" src=\"https:\/\/keypact.com\/wp-content\/uploads\/2026\/02\/Outlook-and-gmail.png\" class=\"attachment-full size-full wp-image-582\" alt=\"Outlook and gmail\" \/><\/figure><div class=\"elementor-image-box-content\"><h3 class=\"elementor-image-box-title\">Outlook &amp; Gmail<\/h3><p class=\"elementor-image-box-description\">KeyPact s\u2019int\u00e8gre de mani\u00e8re transparente avec Outlook et Google Mail, sans modifier l\u2019exp\u00e9rience utilisateur. Les utilisateurs peuvent continuer \u00e0 travailler dans leur environnement de messagerie familier, tandis que tous les messages sont automatiquement chiffr\u00e9s de bout en bout post-quantique \u2014 sans n\u00e9cessiter de plug-ins, de configurations complexes ou d\u2019actions suppl\u00e9mentaires.<\/p><\/div><\/div>\t\t\t\t<\/div>\n\t\t\t\t\t<\/div>\n\t\t\t\t<\/div>\n\t\t\t\t<\/div>","protected":false},"excerpt":{"rendered":"<p>Onze oplossingen KeyPact is een alles-in-\u00e9\u00e9n platform voor veilige e-mail, bestandsbeheer en digitale communicatie. Ontworpen om extreem gebruiksvriendelijk te zijn, met beveiliging op het hoogste niveau \u2014 zelfs bestand tegen toekomstige quantumcomputers. Ontwikkeld door Nederlandse securityspecialisten, gebaseerd op toonaangevend wetenschappelijk onderzoek en gebouwd om volledig in Europese handen te blijven. Post-Quantum Cryptografie KeyPact zorgt ervoor [&hellip;]<\/p>\n","protected":false},"author":3,"featured_media":0,"parent":0,"menu_order":0,"comment_status":"closed","ping_status":"closed","template":"","meta":{"slim_seo":{"title":"Quantum veilige mail-proxy en on-premise oplossingen - KeyPact","description":"Keypact levert mail-proxy en on-premise oplossingen voor veilige e-mail, compliance en volledige controle over bedrijfsdata"},"footnotes":""},"class_list":["post-97","page","type-page","status-publish","hentry"],"_links":{"self":[{"href":"https:\/\/keypact.com\/fr\/wp-json\/wp\/v2\/pages\/97","targetHints":{"allow":["GET"]}}],"collection":[{"href":"https:\/\/keypact.com\/fr\/wp-json\/wp\/v2\/pages"}],"about":[{"href":"https:\/\/keypact.com\/fr\/wp-json\/wp\/v2\/types\/page"}],"author":[{"embeddable":true,"href":"https:\/\/keypact.com\/fr\/wp-json\/wp\/v2\/users\/3"}],"replies":[{"embeddable":true,"href":"https:\/\/keypact.com\/fr\/wp-json\/wp\/v2\/comments?post=97"}],"version-history":[{"count":5,"href":"https:\/\/keypact.com\/fr\/wp-json\/wp\/v2\/pages\/97\/revisions"}],"predecessor-version":[{"id":736,"href":"https:\/\/keypact.com\/fr\/wp-json\/wp\/v2\/pages\/97\/revisions\/736"}],"wp:attachment":[{"href":"https:\/\/keypact.com\/fr\/wp-json\/wp\/v2\/media?parent=97"}],"curies":[{"name":"wp","href":"https:\/\/api.w.org\/{rel}","templated":true}]}}