{"id":740,"date":"2026-02-09T11:37:22","date_gmt":"2026-02-09T10:37:22","guid":{"rendered":"https:\/\/keypact.com\/?page_id=740"},"modified":"2026-02-17T22:16:22","modified_gmt":"2026-02-17T21:16:22","slug":"hoe-werkt-keypact","status":"publish","type":"page","link":"https:\/\/keypact.com\/fr\/hoe-werkt-keypact\/","title":{"rendered":"Comment fonctionne KeyPact ?"},"content":{"rendered":"<div data-elementor-type=\"wp-page\" data-elementor-id=\"740\" class=\"elementor elementor-740\" data-elementor-post-type=\"page\">\n\t\t\t\t<div class=\"elementor-element elementor-element-6ffdbd7f e-con-full e-flex e-con e-parent\" data-id=\"6ffdbd7f\" data-element_type=\"container\" data-e-type=\"container\">\n\t\t<div class=\"elementor-element elementor-element-51b3db6 e-flex e-con-boxed e-con e-child\" data-id=\"51b3db6\" data-element_type=\"container\" data-e-type=\"container\" data-settings=\"{&quot;background_background&quot;:&quot;classic&quot;}\">\n\t\t\t\t\t<div class=\"e-con-inner\">\n\t\t\t\t<div class=\"elementor-element elementor-element-74e382a elementor-widget elementor-widget-heading\" data-id=\"74e382a\" data-element_type=\"widget\" data-e-type=\"widget\" data-widget_type=\"heading.default\">\n\t\t\t\t\t<h1 class=\"elementor-heading-title elementor-size-default\">Comment fonctionne KeyPact ?<\/h1>\t\t\t\t<\/div>\n\t\t\t\t\t<\/div>\n\t\t\t\t<\/div>\n\t\t\t\t<\/div>\n\t\t<div class=\"elementor-element elementor-element-a2597f4 e-flex e-con-boxed e-con e-parent\" data-id=\"a2597f4\" data-element_type=\"container\" data-e-type=\"container\">\n\t\t\t\t\t<div class=\"e-con-inner\">\n\t\t\t\t<div class=\"elementor-element elementor-element-717503a elementor-widget elementor-widget-text-editor\" data-id=\"717503a\" data-element_type=\"widget\" data-e-type=\"widget\" data-widget_type=\"text-editor.default\">\n\t\t\t\t\t\t\t\t\t<p><span style=\"font-weight: 400;\">\u00a0<\/span><\/p><h2><b>Comment fonctionne KeyPact ?<\/b><\/h2><p><span style=\"font-weight: 400;\">KeyPact est une plateforme pour une communication contr\u00f4l\u00e9e et chiffr\u00e9e de bout en bout ainsi que pour l\u2019\u00e9change de fichiers. Elle se compose de quatre \u00e9l\u00e9ments : <\/span><b>KeyPact Mail<\/b><span style=\"font-weight: 400;\">, <\/span><b>Explorateur de fichiers<\/b><span style=\"font-weight: 400;\">, et int\u00e9grations avec <\/span><b>Google Mail<\/b><span style=\"font-weight: 400;\"> et <\/span><b>Microsoft Outlook<\/b><span style=\"font-weight: 400;\">.<\/span><\/p><h3><b>KeyPact Mail<\/b><\/h3><p><span style=\"font-weight: 400;\">KeyPact Mail permet des e-mails chiffr\u00e9s de bout en bout entre utilisateurs KeyPact. Cette communication se d\u00e9roule enti\u00e8rement au sein de l\u2019environnement KeyPact et ne transite pas par l\u2019internet public.<\/span><\/p><p><span style=\"font-weight: 400;\">Chaque utilisateur dispose de :<\/span><\/p><ul><li style=\"font-weight: 400;\" aria-level=\"1\"><span style=\"font-weight: 400;\">un <\/span><b>adresse e-mail g\u00e9n\u00e9r\u00e9e cryptographiquement<\/b><span style=\"font-weight: 400;\"> (bijv. <\/span><span style=\"font-weight: 400;\">(par ex. 109f+2b9819a3de9ca889bc80b3b080d620b0@keypactmail.com)<\/span><span style=\"font-weight: 400;\">)<\/span><\/li><li style=\"font-weight: 400;\" aria-level=\"1\"><span style=\"font-weight: 400;\">un <\/span><b>KeyPact ID<\/b><span style=\"font-weight: 400;\">: une identit\u00e9 cryptographique unique permettant aux utilisateurs de s\u2019ajouter et de s\u2019accepter explicitement.<\/span><\/li><\/ul><p><span style=\"font-weight: 400;\">Seuls les utilisateurs mutuellement accept\u00e9s peuvent envoyer des messages ou partager des fichiers. Les e-mails provenant de l\u2019ext\u00e9rieur peuvent \u00eatre re\u00e7us \u00e0 l\u2019adresse KeyPact, mais la communication interne reste strictement prot\u00e9g\u00e9e.<\/span><\/p><h3><b>Explorateur de fichiers<\/b><\/h3><p><span style=\"font-weight: 400;\">Dans l\u2019Explorateur de fichiers KeyPact, toutes les donn\u00e9es sont chiffr\u00e9es avec <\/span><b>AES-256-GCM<\/b><span style=\"font-weight: 400;\">Les fichiers peuvent \u00eatre consult\u00e9s et modifi\u00e9s directement dans le navigateur, sans avoir \u00e0 t\u00e9l\u00e9charger de copies locales. Cela limite la duplication inutile de donn\u00e9es et r\u00e9duit le risque de fuites de donn\u00e9es, tout en maintenant la plateforme totalement ind\u00e9pendante des appareils.<\/span><\/p><p><span style=\"font-weight: 400;\">Les dossiers peuvent \u00eatre s\u00e9curis\u00e9s en compl\u00e9ment par un code PIN. Les fichiers partag\u00e9s peuvent \u00eatre r\u00e9voqu\u00e9s \u00e0 tout moment.<\/span><\/p><p><span style=\"font-weight: 400;\">Lors de l\u2019envoi ou de la r\u00e9ception de messages via KeyPact Mail, les pi\u00e8ces jointes sont automatiquement et de mani\u00e8re structur\u00e9e enregistr\u00e9es dans les dossiers appropri\u00e9s, tels que la bo\u00eete de r\u00e9ception et la bo\u00eete d\u2019envoi.<\/span><\/p><h3><b>Int\u00e9gration Gmail &amp; Microsoft Outlook<\/b><\/h3><p><span style=\"font-weight: 400;\">Les utilisateurs peuvent un ou plusieurs <\/span><b>Comptes Gmail et Microsoft Outlook\/Office 365<\/b><span style=\"font-weight: 400;\"> Connexion \u00e0 KeyPact via OAuth 2.0. Cela rend le protocole KeyPact disponible pour une communication e-mail chiffr\u00e9e de bout en bout au sein de ces environnements de messagerie existants.<\/span><\/p><p><span style=\"font-weight: 400;\">KeyPact utilise exclusivement <\/span><b>API natives<\/b><span style=\"font-weight: 400;\"> de Google et Microsoft et ne stocke aucun e-mail ni m\u00e9tadonn\u00e9es au sein de l\u2019environnement KeyPact. Les messages chiffr\u00e9s restent visibles dans la bo\u00eete mail Gmail ou Outlook habituelle, mais ne peuvent \u00eatre d\u00e9chiffr\u00e9s que via KeyPact.<\/span><\/p><h2><b>Cryptographie et p\u00e9rennit\u00e9<\/b><\/h2><p><span style=\"font-weight: 400;\">KeyPact a \u00e9t\u00e9 con\u00e7u d\u00e8s l\u2019origine comme une plateforme cryptographique, et non comme un syst\u00e8me de messagerie ou de fichiers avec une \u00ab encryption suppl\u00e9mentaire \u00bb. La s\u00e9curit\u00e9 n\u2019est pas un ajout, mais le fondement.<\/span><\/p><h3><b>End-to-end encryptie als uitgangspunt<\/b><\/h3><p><span style=\"font-weight: 400;\">Toute communication au sein de KeyPact est chiffr\u00e9e de bout en bout. Cela signifie que seuls les utilisateurs finaux concern\u00e9s ont acc\u00e8s au contenu. Les serveurs, administrateurs et parties externes ne peuvent pas d\u00e9chiffrer les messages et fichiers, ni techniquement ni juridiquement.<\/span><\/p><p><span style=\"font-weight: 400;\">Pour le chiffrement sym\u00e9trique, KeyPact utilise <\/span><b>AES-256-GCM<\/b><span style=\"font-weight: 400;\">une norme \u00e9prouv\u00e9e et largement accept\u00e9e qui offre \u00e0 la fois confidentialit\u00e9 et protection de l\u2019int\u00e9grit\u00e9. Ce chiffrement est appliqu\u00e9 aux messages \u00e9lectroniques, aux pi\u00e8ces jointes et aux fichiers.<\/span><\/p><h3><b>Confidentialit\u00e9 persistante et le m\u00e9canisme Double Ratchet<\/b><\/h3><p><span style=\"font-weight: 400;\">KeyPact utilise <\/span><b>forward secrecy<\/b><span style=\"font-weight: 400;\"> in combinatie met het <\/span><b>double-ratchet-mechanisme<\/b><span style=\"font-weight: 400;\">, vergelijkbaar met moderne secure messaging-protocollen. Dit betekent dat:<\/span><\/p><ul><li style=\"font-weight: 400;\" aria-level=\"1\"><span style=\"font-weight: 400;\">elke communicatiecontinu\u00efteit werkt met voortdurend vernieuwde sessiesleutels;<\/span><\/li><li style=\"font-weight: 400;\" aria-level=\"1\"><span style=\"font-weight: 400;\">het compromitteren van \u00e9\u00e9n sleutel geen toegang geeft tot eerdere of toekomstige communicatie;<\/span><\/li><li style=\"font-weight: 400;\" aria-level=\"1\"><span style=\"font-weight: 400;\">langdurige observatie of latere sleutelonthulling geen historisch datalek oplevert.<\/span><\/li><\/ul><p><span style=\"font-weight: 400;\">Hierdoor blijft communicatie beschermd, zelfs wanneer een individueel apparaat of account op enig moment wordt gecompromitteerd.<\/span><\/p><h3><b>Post-quantum sleuteluitwisseling<\/b><\/h3><p><span style=\"font-weight: 400;\">Voor de sleuteluitwisseling past KeyPact <\/span><b>ML-KEM-1024<\/b><span style=\"font-weight: 400;\"> toe, un algorithme cryptographique post-quantique r\u00e9sistant aux attaques des futurs ordinateurs quantiques.<\/span><\/p><p><span style=\"font-weight: 400;\">Ceci constitue une distinction fondamentale par rapport aux solutions classiques qui reposent exclusivement sur RSA ou les courbes elliptiques, dont on sait qu\u2019elles deviendront vuln\u00e9rables aux attaques quantiques \u00e0 terme. En combinant ML-KEM-1024 avec un chiffrement sym\u00e9trique existant et robuste, on obtient une <\/span><b>Architecture cryptographique hybride et p\u00e9renne<\/b><span style=\"font-weight: 400;\">.<\/span><\/p><h3><b>Ce que cela signifie concr\u00e8tement<\/b><\/h3><p><span style=\"font-weight: 400;\">Pour les organisations, cela signifie que :<\/span><\/p><ul><li style=\"font-weight: 400;\" aria-level=\"1\"><span style=\"font-weight: 400;\">la communication confidentielle reste prot\u00e9g\u00e9e \u00e0 long terme ;<\/span><\/li><li style=\"font-weight: 400;\" aria-level=\"1\"><span style=\"font-weight: 400;\">la conformit\u00e9 et les politiques ne d\u00e9pendent pas des fournisseurs cloud ni de juridictions \u00e9trang\u00e8res ;<\/span><\/li><li style=\"font-weight: 400;\" aria-level=\"1\"><span style=\"font-weight: 400;\">le chiffrement n\u2019est pas une fonctionnalit\u00e9 optionnelle, mais impose structurellement que les donn\u00e9es ne soient accessibles qu\u2019aux parties autoris\u00e9es.<\/span><\/li><\/ul><p><span style=\"font-weight: 400;\">KeyPact n\u2019offre ainsi pas une couche de s\u00e9curit\u00e9 temporaire, mais un fondement cryptographique con\u00e7u pour un d\u00e9ploiement \u00e0 long terme dans des environnements critiques et sensibles.<\/span><\/p>\t\t\t\t\t\t\t\t<\/div>\n\t\t\t\t\t<\/div>\n\t\t\t\t<\/div>\n\t\t\t\t<\/div>","protected":false},"excerpt":{"rendered":"<p>Hoe werkt KeyPact \u00a0 Hoe werkt KeyPact KeyPact is een platform voor gecontroleerde, end-to-end versleutelde communicatie en bestandsuitwisseling. Het bestaat uit vier onderdelen: KeyPact Mail, File Explorer, en integraties met Google Mail en Microsoft Outlook. KeyPact Mail KeyPact Mail maakt end-to-end versleutelde e-mail mogelijk tussen KeyPact-gebruikers. Deze communicatie verloopt volledig binnen de KeyPact-omgeving en gaat [&hellip;]<\/p>\n","protected":false},"author":5,"featured_media":0,"parent":0,"menu_order":0,"comment_status":"closed","ping_status":"closed","template":"","meta":{"slim_seo":{"title":"Hoe werkt KeyPact \u2013 Beveiligde Post-Quantum Data- & E-mailbescherming | KeyPact","description":"Ontdek hoe KeyPact werkt: end-to-end beveiliging met post-quantum cryptografie, forward secrecy en on-premise controle over databeveiliging voor e-mail, bestanden en communicatie."},"footnotes":""},"class_list":["post-740","page","type-page","status-publish","hentry"],"_links":{"self":[{"href":"https:\/\/keypact.com\/fr\/wp-json\/wp\/v2\/pages\/740","targetHints":{"allow":["GET"]}}],"collection":[{"href":"https:\/\/keypact.com\/fr\/wp-json\/wp\/v2\/pages"}],"about":[{"href":"https:\/\/keypact.com\/fr\/wp-json\/wp\/v2\/types\/page"}],"author":[{"embeddable":true,"href":"https:\/\/keypact.com\/fr\/wp-json\/wp\/v2\/users\/5"}],"replies":[{"embeddable":true,"href":"https:\/\/keypact.com\/fr\/wp-json\/wp\/v2\/comments?post=740"}],"version-history":[{"count":5,"href":"https:\/\/keypact.com\/fr\/wp-json\/wp\/v2\/pages\/740\/revisions"}],"predecessor-version":[{"id":1074,"href":"https:\/\/keypact.com\/fr\/wp-json\/wp\/v2\/pages\/740\/revisions\/1074"}],"wp:attachment":[{"href":"https:\/\/keypact.com\/fr\/wp-json\/wp\/v2\/media?parent=740"}],"curies":[{"name":"wp","href":"https:\/\/api.w.org\/{rel}","templated":true}]}}