{"id":102,"date":"2026-01-23T14:29:22","date_gmt":"2026-01-23T13:29:22","guid":{"rendered":"https:\/\/keypact.com\/?page_id=102"},"modified":"2026-02-09T10:36:35","modified_gmt":"2026-02-09T09:36:35","slug":"sectoren","status":"publish","type":"page","link":"https:\/\/keypact.com\/fr\/sectoren\/","title":{"rendered":"Secteurs"},"content":{"rendered":"<div data-elementor-type=\"wp-page\" data-elementor-id=\"102\" class=\"elementor elementor-102\" data-elementor-post-type=\"page\">\n\t\t\t\t<div class=\"elementor-element elementor-element-4da426c e-flex e-con-boxed e-con e-parent\" data-id=\"4da426c\" data-element_type=\"container\" data-e-type=\"container\" data-settings=\"{&quot;background_background&quot;:&quot;classic&quot;}\">\n\t\t\t\t\t<div class=\"e-con-inner\">\n\t\t\t\t<div class=\"elementor-element elementor-element-01f2ef0 elementor-widget elementor-widget-heading\" data-id=\"01f2ef0\" data-element_type=\"widget\" data-e-type=\"widget\" data-widget_type=\"heading.default\">\n\t\t\t\t\t<h1 class=\"elementor-heading-title elementor-size-default\">Secteurs<\/h1>\t\t\t\t<\/div>\n\t\t\t\t\t<\/div>\n\t\t\t\t<\/div>\n\t\t<div class=\"elementor-element elementor-element-679fdeb e-flex e-con-boxed e-con e-parent\" data-id=\"679fdeb\" data-element_type=\"container\" data-e-type=\"container\">\n\t\t\t\t\t<div class=\"e-con-inner\">\n\t\t\t\t<div class=\"elementor-element elementor-element-91683a9 elementor-widget__width-initial elementor-widget elementor-widget-text-editor\" data-id=\"91683a9\" data-element_type=\"widget\" data-e-type=\"widget\" data-widget_type=\"text-editor.default\">\n\t\t\t\t\t\t\t\t\t<p>KeyPact adopte un mod\u00e8le de confiance d\u00e9centralis\u00e9, zero-knowledge et sans cl\u00e9 ma\u00eetresse, dans lequel aucune partie externe ni hi\u00e9rarchie n\u2019a d\u2019acc\u00e8s privil\u00e9gi\u00e9.<\/p>\t\t\t\t\t\t\t\t<\/div>\n\t\t\t\t\t<\/div>\n\t\t\t\t<\/div>\n\t\t<div class=\"elementor-element elementor-element-d3f67af e-flex e-con-boxed e-con e-parent\" data-id=\"d3f67af\" data-element_type=\"container\" data-e-type=\"container\">\n\t\t\t\t\t<div class=\"e-con-inner\">\n\t\t\t\t<div class=\"elementor-element elementor-element-6025dc1 elementor-position-left elementor-vertical-align-top elementor-widget elementor-widget-image-box\" data-id=\"6025dc1\" data-element_type=\"widget\" data-e-type=\"widget\" data-widget_type=\"image-box.default\">\n\t\t\t\t\t<div class=\"elementor-image-box-wrapper\"><figure class=\"elementor-image-box-img\"><img fetchpriority=\"high\" decoding=\"async\" width=\"2560\" height=\"1566\" src=\"https:\/\/keypact.com\/wp-content\/uploads\/2026\/01\/18507322_famous-parliament-building-complex-binnenhof-in-the-hague-scaled.jpg\" class=\"attachment-full size-full wp-image-532\" alt=\"Famous parliament building complex Binnenhof in The Hague.\" srcset=\"https:\/\/keypact.com\/wp-content\/uploads\/2026\/01\/18507322_famous-parliament-building-complex-binnenhof-in-the-hague-scaled.jpg 2560w, https:\/\/keypact.com\/wp-content\/uploads\/2026\/01\/18507322_famous-parliament-building-complex-binnenhof-in-the-hague-300x183.jpg 300w, https:\/\/keypact.com\/wp-content\/uploads\/2026\/01\/18507322_famous-parliament-building-complex-binnenhof-in-the-hague-1024x626.jpg 1024w, https:\/\/keypact.com\/wp-content\/uploads\/2026\/01\/18507322_famous-parliament-building-complex-binnenhof-in-the-hague-768x470.jpg 768w, https:\/\/keypact.com\/wp-content\/uploads\/2026\/01\/18507322_famous-parliament-building-complex-binnenhof-in-the-hague-1536x939.jpg 1536w, https:\/\/keypact.com\/wp-content\/uploads\/2026\/01\/18507322_famous-parliament-building-complex-binnenhof-in-the-hague-2048x1253.jpg 2048w\" sizes=\"(max-width: 2560px) 100vw, 2560px\" \/><\/figure><div class=\"elementor-image-box-content\"><h2 class=\"elementor-image-box-title\">Rijksoverheid &amp; uitvoeringsorganisaties<\/h2><p class=\"elementor-image-box-description\">Au sein du gouvernement central, l\u2019e-mail constitue une infrastructure critique. La prise de d\u00e9cision et la communication de crise exigent un contr\u00f4le total sur la confidentialit\u00e9 et la disponibilit\u00e9.\nKeyPact fournit une solution de s\u00e9curit\u00e9 e-mail on-premise dans laquelle les messages et les pi\u00e8ces jointes sont chiffr\u00e9s avant stockage ou envoi. Toutes les cl\u00e9s cryptographiques restent exclusivement sous le contr\u00f4le du gouvernement.\nLa solution reste enti\u00e8rement op\u00e9rationnelle en cas de fin de la relation avec le fournisseur, sans perte de donn\u00e9es ni de contr\u00f4le des cl\u00e9s.<\/p><\/div><\/div>\t\t\t\t<\/div>\n\t\t\t\t<div class=\"elementor-element elementor-element-337ade8 elementor-position-right elementor-vertical-align-top elementor-widget elementor-widget-image-box\" data-id=\"337ade8\" data-element_type=\"widget\" data-e-type=\"widget\" data-widget_type=\"image-box.default\">\n\t\t\t\t\t<div class=\"elementor-image-box-wrapper\"><figure class=\"elementor-image-box-img\"><img decoding=\"async\" width=\"2560\" height=\"1693\" src=\"https:\/\/keypact.com\/wp-content\/uploads\/2026\/01\/67630322_gemeentehuis-in-bemmel-netherlands-scaled.jpg\" class=\"attachment-full size-full wp-image-534\" alt=\"Gemeentehuis in Bemmel, Netherlands\" srcset=\"https:\/\/keypact.com\/wp-content\/uploads\/2026\/01\/67630322_gemeentehuis-in-bemmel-netherlands-scaled.jpg 2560w, https:\/\/keypact.com\/wp-content\/uploads\/2026\/01\/67630322_gemeentehuis-in-bemmel-netherlands-300x198.jpg 300w, https:\/\/keypact.com\/wp-content\/uploads\/2026\/01\/67630322_gemeentehuis-in-bemmel-netherlands-1024x677.jpg 1024w, https:\/\/keypact.com\/wp-content\/uploads\/2026\/01\/67630322_gemeentehuis-in-bemmel-netherlands-768x508.jpg 768w, https:\/\/keypact.com\/wp-content\/uploads\/2026\/01\/67630322_gemeentehuis-in-bemmel-netherlands-1536x1016.jpg 1536w, https:\/\/keypact.com\/wp-content\/uploads\/2026\/01\/67630322_gemeentehuis-in-bemmel-netherlands-2048x1354.jpg 2048w\" sizes=\"(max-width: 2560px) 100vw, 2560px\" \/><\/figure><div class=\"elementor-image-box-content\"><h2 class=\"elementor-image-box-title\">Gemeenten &amp; decentrale overheid<\/h2><p class=\"elementor-image-box-description\">Les communes traitent quotidiennement de grandes quantit\u00e9s d\u2019informations sensibles en mati\u00e8re de protection des donn\u00e9es, alors que les budgets et les capacit\u00e9s informatiques sont sous pression et que les obligations de reddition de comptes augmentent.\nKeyPact propose une solution de s\u00e9curit\u00e9 e-mail on-premise qui s\u2019int\u00e8gre \u00e0 l\u2019infrastructure communale existante. Il n\u2019y a pas de sous-traitants externes, pas de transfert de donn\u00e9es et pas de d\u00e9pendance obligatoire au cloud.\nLes communes conservent un contr\u00f4le total sur les cl\u00e9s cryptographiques, la gestion et les mises \u00e0 jour.<\/p><\/div><\/div>\t\t\t\t<\/div>\n\t\t\t\t<div class=\"elementor-element elementor-element-4bbcf40 elementor-position-left elementor-vertical-align-top elementor-widget elementor-widget-image-box\" data-id=\"4bbcf40\" data-element_type=\"widget\" data-e-type=\"widget\" data-widget_type=\"image-box.default\">\n\t\t\t\t\t<div class=\"elementor-image-box-wrapper\"><figure class=\"elementor-image-box-img\"><img decoding=\"async\" width=\"2560\" height=\"1703\" src=\"https:\/\/keypact.com\/wp-content\/uploads\/2026\/01\/20538230_france-paris-attacks-saint-denis-police-scaled.jpg\" class=\"attachment-full size-full wp-image-536\" alt=\"France: Anti terrorist operation in Saint Denis\" srcset=\"https:\/\/keypact.com\/wp-content\/uploads\/2026\/01\/20538230_france-paris-attacks-saint-denis-police-scaled.jpg 2560w, https:\/\/keypact.com\/wp-content\/uploads\/2026\/01\/20538230_france-paris-attacks-saint-denis-police-300x200.jpg 300w, https:\/\/keypact.com\/wp-content\/uploads\/2026\/01\/20538230_france-paris-attacks-saint-denis-police-1024x681.jpg 1024w, https:\/\/keypact.com\/wp-content\/uploads\/2026\/01\/20538230_france-paris-attacks-saint-denis-police-768x511.jpg 768w, https:\/\/keypact.com\/wp-content\/uploads\/2026\/01\/20538230_france-paris-attacks-saint-denis-police-1536x1022.jpg 1536w, https:\/\/keypact.com\/wp-content\/uploads\/2026\/01\/20538230_france-paris-attacks-saint-denis-police-2048x1363.jpg 2048w\" sizes=\"(max-width: 2560px) 100vw, 2560px\" \/><\/figure><div class=\"elementor-image-box-content\"><h2 class=\"elementor-image-box-title\">Journalistiek &amp; media<\/h2><p class=\"elementor-image-box-description\">Les journalistes travaillent avec des informations dont l\u2019acc\u00e8s non d\u00e9sir\u00e9 fait courir des risques directs aux sources, aux r\u00e9dactions et \u00e0 l\u2019\u00c9tat de droit d\u00e9mocratique. La communication num\u00e9rique est indispensable, mais elle repr\u00e9sente en m\u00eame temps une vuln\u00e9rabilit\u00e9 structurelle.\nKeyPact offre une s\u00e9curit\u00e9 e-mail professionnelle destin\u00e9e \u00e0 un usage journalistique, o\u00f9 la protection des sources ne d\u00e9pend pas de la confiance accord\u00e9e aux fournisseurs, plateformes ou infrastructures cloud.<\/p><\/div><\/div>\t\t\t\t<\/div>\n\t\t\t\t<div class=\"elementor-element elementor-element-0786701 elementor-position-right elementor-vertical-align-top elementor-widget elementor-widget-image-box\" data-id=\"0786701\" data-element_type=\"widget\" data-e-type=\"widget\" data-widget_type=\"image-box.default\">\n\t\t\t\t\t<div class=\"elementor-image-box-wrapper\"><figure class=\"elementor-image-box-img\"><img loading=\"lazy\" decoding=\"async\" width=\"2560\" height=\"1440\" src=\"https:\/\/keypact.com\/wp-content\/uploads\/2026\/01\/61120814_military-staff-in-a-modern-operations-hub-handling-critical-information-scaled.jpg\" class=\"attachment-full size-full wp-image-537\" alt=\"Military staff in a modern operations hub handling critical information\" srcset=\"https:\/\/keypact.com\/wp-content\/uploads\/2026\/01\/61120814_military-staff-in-a-modern-operations-hub-handling-critical-information-scaled.jpg 2560w, https:\/\/keypact.com\/wp-content\/uploads\/2026\/01\/61120814_military-staff-in-a-modern-operations-hub-handling-critical-information-300x169.jpg 300w, https:\/\/keypact.com\/wp-content\/uploads\/2026\/01\/61120814_military-staff-in-a-modern-operations-hub-handling-critical-information-1024x576.jpg 1024w, https:\/\/keypact.com\/wp-content\/uploads\/2026\/01\/61120814_military-staff-in-a-modern-operations-hub-handling-critical-information-768x432.jpg 768w, https:\/\/keypact.com\/wp-content\/uploads\/2026\/01\/61120814_military-staff-in-a-modern-operations-hub-handling-critical-information-1536x864.jpg 1536w, https:\/\/keypact.com\/wp-content\/uploads\/2026\/01\/61120814_military-staff-in-a-modern-operations-hub-handling-critical-information-2048x1152.jpg 2048w\" sizes=\"(max-width: 2560px) 100vw, 2560px\" \/><\/figure><div class=\"elementor-image-box-content\"><h2 class=\"elementor-image-box-title\">Enterprises &amp; kritische organisaties<\/h2><p class=\"elementor-image-box-description\">Les solutions de s\u00e9curit\u00e9 bas\u00e9es sur le cloud cr\u00e9ent une d\u00e9pendance vis-\u00e0-vis de la politique des fournisseurs, de la structure de propri\u00e9t\u00e9 et des feuilles de route produit, ce qui introduit des risques strat\u00e9giques.\nKeyPact est con\u00e7u pour les organisations ayant des cycles de vie longs. La solution fonctionne on-premise et offre un contr\u00f4le total sur le chiffrement, la gestion et les mises \u00e0 jour. La gouvernance et la propri\u00e9t\u00e9 intellectuelle sont juridiquement garanties, de sorte que la capacit\u00e9 de d\u00e9ploiement est pr\u00e9serv\u00e9e en cas de rachats ou de changements de march\u00e9.<\/p><\/div><\/div>\t\t\t\t<\/div>\n\t\t\t\t\t<\/div>\n\t\t\t\t<\/div>\n\t\t\t\t<\/div>","protected":false},"excerpt":{"rendered":"<p>Sectoren KeyPact hanteert een gedecentraliseerd, zero-knowledge en no-master-key vertrouwensmodel, waarin geen enkele externe partij of hi\u00ebrarchie bevoorrechte toegang heeft. Rijksoverheid &#038; uitvoeringsorganisaties Binnen de Rijksoverheid is e-mail kritieke infrastructuur. Besluitvorming en crisiscommunicatie vereisen volledige controle over vertrouwelijkheid en beschikbaarheid. KeyPact levert een on-premise e-mailbeveiligingsoplossing waarbij berichten en bijlagen v\u00f3\u00f3r opslag of verzending worden versleuteld. Alle [&hellip;]<\/p>\n","protected":false},"author":3,"featured_media":0,"parent":0,"menu_order":0,"comment_status":"closed","ping_status":"closed","template":"","meta":{"slim_seo":{"title":"Onze oplossingen | Veilige e-mail voor zorg, overheid & enterprise \u2013 KeyPact","description":"Veilige e-mailoplossingen van Keypact voor zorg, rijksoverheid, gemeenten, journalistiek en enterprise met hoge eisen aan compliance"},"footnotes":""},"class_list":["post-102","page","type-page","status-publish","hentry"],"_links":{"self":[{"href":"https:\/\/keypact.com\/fr\/wp-json\/wp\/v2\/pages\/102","targetHints":{"allow":["GET"]}}],"collection":[{"href":"https:\/\/keypact.com\/fr\/wp-json\/wp\/v2\/pages"}],"about":[{"href":"https:\/\/keypact.com\/fr\/wp-json\/wp\/v2\/types\/page"}],"author":[{"embeddable":true,"href":"https:\/\/keypact.com\/fr\/wp-json\/wp\/v2\/users\/3"}],"replies":[{"embeddable":true,"href":"https:\/\/keypact.com\/fr\/wp-json\/wp\/v2\/comments?post=102"}],"version-history":[{"count":5,"href":"https:\/\/keypact.com\/fr\/wp-json\/wp\/v2\/pages\/102\/revisions"}],"predecessor-version":[{"id":739,"href":"https:\/\/keypact.com\/fr\/wp-json\/wp\/v2\/pages\/102\/revisions\/739"}],"wp:attachment":[{"href":"https:\/\/keypact.com\/fr\/wp-json\/wp\/v2\/media?parent=102"}],"curies":[{"name":"wp","href":"https:\/\/api.w.org\/{rel}","templated":true}]}}